{"id":2214,"date":"2023-02-09T23:58:33","date_gmt":"2023-02-09T22:58:33","guid":{"rendered":"https:\/\/anolysept.rs\/?post_type=product&#038;p=2214"},"modified":"2024-08-16T01:14:57","modified_gmt":"2024-08-15T23:14:57","slug":"flora-rastvor-anolysept","status":"publish","type":"product","link":"https:\/\/anolysept.rs\/en\/product\/flora-rastvor-anolysept\/","title":{"rendered":"Flora solution Anolysept"},"content":{"rendered":"","protected":false},"excerpt":{"rendered":"","protected":false},"featured_media":2265,"comment_status":"open","ping_status":"closed","template":"","meta":{"site-sidebar-layout":"default","site-content-layout":"default","ast-site-content-layout":"default","site-content-style":"default","site-sidebar-style":"default","ast-global-header-display":"","ast-banner-title-visibility":"","ast-main-header-display":"","ast-hfb-above-header-display":"","ast-hfb-below-header-display":"","ast-hfb-mobile-header-display":"","site-post-title":"","ast-breadcrumbs-content":"","ast-featured-img":"","footer-sml-layout":"","ast-disable-related-posts":"","theme-transparent-header-meta":"default","adv-header-id-meta":"","stick-header-meta":"","header-above-stick-meta":"","header-main-stick-meta":"","header-below-stick-meta":"","astra-migrate-meta-layouts":"default","ast-page-background-enabled":"default","ast-page-background-meta":{"desktop":{"background-color":"","background-image":"","background-repeat":"repeat","background-position":"center center","background-size":"auto","background-attachment":"scroll","background-type":"","background-media":"","overlay-type":"","overlay-color":"","overlay-opacity":"","overlay-gradient":""},"tablet":{"background-color":"","background-image":"","background-repeat":"repeat","background-position":"center center","background-size":"auto","background-attachment":"scroll","background-type":"","background-media":"","overlay-type":"","overlay-color":"","overlay-opacity":"","overlay-gradient":""},"mobile":{"background-color":"","background-image":"","background-repeat":"repeat","background-position":"center center","background-size":"auto","background-attachment":"scroll","background-type":"","background-media":"","overlay-type":"","overlay-color":"","overlay-opacity":"","overlay-gradient":""}},"ast-content-background-meta":{"desktop":{"background-color":"var(--ast-global-color-5)","background-image":"","background-repeat":"repeat","background-position":"center center","background-size":"auto","background-attachment":"scroll","background-type":"","background-media":"","overlay-type":"","overlay-color":"","overlay-opacity":"","overlay-gradient":""},"tablet":{"background-color":"var(--ast-global-color-5)","background-image":"","background-repeat":"repeat","background-position":"center center","background-size":"auto","background-attachment":"scroll","background-type":"","background-media":"","overlay-type":"","overlay-color":"","overlay-opacity":"","overlay-gradient":""},"mobile":{"background-color":"var(--ast-global-color-5)","background-image":"","background-repeat":"repeat","background-position":"center center","background-size":"auto","background-attachment":"scroll","background-type":"","background-media":"","overlay-type":"","overlay-color":"","overlay-opacity":"","overlay-gradient":""}}},"product_brand":[],"product_cat":[15],"product_tag":[],"class_list":{"0":"post-2214","1":"product","2":"type-product","3":"status-publish","4":"has-post-thumbnail","6":"product_cat-all-products","7":"desktop-align-center","8":"tablet-align-center","9":"mobile-align-center","10":"ast-product-gallery-layout-horizontal","11":"ast-product-gallery-with-no-image","12":"ast-product-tabs-layout-horizontal","13":"ast-qv-on-image","15":"first","16":"onbackorder","17":"shipping-taxable","18":"product-type-simple"},"yoast_head":"<!-- This site is optimized with the Yoast SEO plugin v27.4 - https:\/\/yoast.com\/product\/yoast-seo-wordpress\/ -->\n<title>Flora rastvor Anolysept - Anolysept.rs<\/title>\n<meta name=\"robots\" content=\"index, follow, max-snippet:-1, max-image-preview:large, max-video-preview:-1\" \/>\n<link rel=\"canonical\" href=\"https:\/\/anolysept.rs\/en\/product\/flora-rastvor-anolysept\/\" \/>\n<meta property=\"og:locale\" content=\"en_GB\" \/>\n<meta property=\"og:type\" content=\"article\" \/>\n<meta property=\"og:title\" content=\"Flora rastvor Anolysept - Anolysept.rs\" \/>\n<meta property=\"og:url\" content=\"https:\/\/anolysept.rs\/en\/product\/flora-rastvor-anolysept\/\" \/>\n<meta property=\"og:site_name\" content=\"Anolysept.rs\" \/>\n<meta property=\"article:modified_time\" content=\"2024-08-15T23:14:57+00:00\" \/>\n<meta property=\"og:image\" content=\"https:\/\/anolysept.rs\/wp-content\/uploads\/2023\/02\/flora-1000_web.png\" \/>\n\t<meta property=\"og:image:width\" content=\"320\" \/>\n\t<meta property=\"og:image:height\" content=\"320\" \/>\n\t<meta property=\"og:image:type\" content=\"image\/png\" \/>\n<meta name=\"twitter:card\" content=\"summary_large_image\" \/>\n<script type=\"application\/ld+json\" class=\"yoast-schema-graph\">{\"@context\":\"https:\\\/\\\/schema.org\",\"@graph\":[{\"@type\":\"WebPage\",\"@id\":\"https:\\\/\\\/anolysept.rs\\\/product\\\/flora-rastvor-anolysept\\\/\",\"url\":\"https:\\\/\\\/anolysept.rs\\\/product\\\/flora-rastvor-anolysept\\\/\",\"name\":\"Flora rastvor Anolysept - Anolysept.rs\",\"isPartOf\":{\"@id\":\"https:\\\/\\\/anolysept.rs\\\/#website\"},\"primaryImageOfPage\":{\"@id\":\"https:\\\/\\\/anolysept.rs\\\/product\\\/flora-rastvor-anolysept\\\/#primaryimage\"},\"image\":{\"@id\":\"https:\\\/\\\/anolysept.rs\\\/product\\\/flora-rastvor-anolysept\\\/#primaryimage\"},\"thumbnailUrl\":\"https:\\\/\\\/anolysept.rs\\\/wp-content\\\/uploads\\\/2023\\\/02\\\/flora-1000_web.png\",\"datePublished\":\"2023-02-09T22:58:33+00:00\",\"dateModified\":\"2024-08-15T23:14:57+00:00\",\"breadcrumb\":{\"@id\":\"https:\\\/\\\/anolysept.rs\\\/product\\\/flora-rastvor-anolysept\\\/#breadcrumb\"},\"inLanguage\":\"en-GB\",\"potentialAction\":[{\"@type\":\"ReadAction\",\"target\":[\"https:\\\/\\\/anolysept.rs\\\/product\\\/flora-rastvor-anolysept\\\/\"]}]},{\"@type\":\"ImageObject\",\"inLanguage\":\"en-GB\",\"@id\":\"https:\\\/\\\/anolysept.rs\\\/product\\\/flora-rastvor-anolysept\\\/#primaryimage\",\"url\":\"https:\\\/\\\/anolysept.rs\\\/wp-content\\\/uploads\\\/2023\\\/02\\\/flora-1000_web.png\",\"contentUrl\":\"https:\\\/\\\/anolysept.rs\\\/wp-content\\\/uploads\\\/2023\\\/02\\\/flora-1000_web.png\",\"width\":320,\"height\":320,\"caption\":\"Flora Anolysept 1000 ml\"},{\"@type\":\"BreadcrumbList\",\"@id\":\"https:\\\/\\\/anolysept.rs\\\/product\\\/flora-rastvor-anolysept\\\/#breadcrumb\",\"itemListElement\":[{\"@type\":\"ListItem\",\"position\":1,\"name\":\"Home\",\"item\":\"https:\\\/\\\/anolysept.rs\\\/\"},{\"@type\":\"ListItem\",\"position\":2,\"name\":\"Proizvodi\",\"item\":\"https:\\\/\\\/anolysept.rs\\\/proizvodi\\\/\"},{\"@type\":\"ListItem\",\"position\":3,\"name\":\"Flora rastvor Anolysept\"}]},{\"@type\":\"WebSite\",\"@id\":\"https:\\\/\\\/anolysept.rs\\\/#website\",\"url\":\"https:\\\/\\\/anolysept.rs\\\/\",\"name\":\"Anolysept.rs\",\"description\":\"Ekolo\u0161ka sredstva za \u010di\u0161\u0107enje i dezinfekciju\",\"publisher\":{\"@id\":\"https:\\\/\\\/anolysept.rs\\\/#organization\"},\"potentialAction\":[{\"@type\":\"SearchAction\",\"target\":{\"@type\":\"EntryPoint\",\"urlTemplate\":\"https:\\\/\\\/anolysept.rs\\\/?s={search_term_string}\"},\"query-input\":{\"@type\":\"PropertyValueSpecification\",\"valueRequired\":true,\"valueName\":\"search_term_string\"}}],\"inLanguage\":\"en-GB\"},{\"@type\":\"Organization\",\"@id\":\"https:\\\/\\\/anolysept.rs\\\/#organization\",\"name\":\"Anolysept.rs\",\"url\":\"https:\\\/\\\/anolysept.rs\\\/\",\"logo\":{\"@type\":\"ImageObject\",\"inLanguage\":\"en-GB\",\"@id\":\"https:\\\/\\\/anolysept.rs\\\/#\\\/schema\\\/logo\\\/image\\\/\",\"url\":\"https:\\\/\\\/anolysept.rs\\\/wp-content\\\/uploads\\\/2022\\\/11\\\/anolysept-brand-fc-black-nobg-155x100-1.png\",\"contentUrl\":\"https:\\\/\\\/anolysept.rs\\\/wp-content\\\/uploads\\\/2022\\\/11\\\/anolysept-brand-fc-black-nobg-155x100-1.png\",\"width\":155,\"height\":100,\"caption\":\"Anolysept.rs\"},\"image\":{\"@id\":\"https:\\\/\\\/anolysept.rs\\\/#\\\/schema\\\/logo\\\/image\\\/\"}}]}<\/script>\n<!-- \/ Yoast SEO plugin. -->","yoast_head_json":{"title":"Flora rastvor Anolysept - Anolysept.rs","robots":{"index":"index","follow":"follow","max-snippet":"max-snippet:-1","max-image-preview":"max-image-preview:large","max-video-preview":"max-video-preview:-1"},"canonical":"https:\/\/anolysept.rs\/en\/product\/flora-rastvor-anolysept\/","og_locale":"en_GB","og_type":"article","og_title":"Flora rastvor Anolysept - Anolysept.rs","og_url":"https:\/\/anolysept.rs\/en\/product\/flora-rastvor-anolysept\/","og_site_name":"Anolysept.rs","article_modified_time":"2024-08-15T23:14:57+00:00","og_image":[{"width":320,"height":320,"url":"https:\/\/anolysept.rs\/wp-content\/uploads\/2023\/02\/flora-1000_web.png","type":"image\/png"}],"twitter_card":"summary_large_image","schema":{"@context":"https:\/\/schema.org","@graph":[{"@type":"WebPage","@id":"https:\/\/anolysept.rs\/product\/flora-rastvor-anolysept\/","url":"https:\/\/anolysept.rs\/product\/flora-rastvor-anolysept\/","name":"Flora rastvor Anolysept - Anolysept.rs","isPartOf":{"@id":"https:\/\/anolysept.rs\/#website"},"primaryImageOfPage":{"@id":"https:\/\/anolysept.rs\/product\/flora-rastvor-anolysept\/#primaryimage"},"image":{"@id":"https:\/\/anolysept.rs\/product\/flora-rastvor-anolysept\/#primaryimage"},"thumbnailUrl":"https:\/\/anolysept.rs\/wp-content\/uploads\/2023\/02\/flora-1000_web.png","datePublished":"2023-02-09T22:58:33+00:00","dateModified":"2024-08-15T23:14:57+00:00","breadcrumb":{"@id":"https:\/\/anolysept.rs\/product\/flora-rastvor-anolysept\/#breadcrumb"},"inLanguage":"en-GB","potentialAction":[{"@type":"ReadAction","target":["https:\/\/anolysept.rs\/product\/flora-rastvor-anolysept\/"]}]},{"@type":"ImageObject","inLanguage":"en-GB","@id":"https:\/\/anolysept.rs\/product\/flora-rastvor-anolysept\/#primaryimage","url":"https:\/\/anolysept.rs\/wp-content\/uploads\/2023\/02\/flora-1000_web.png","contentUrl":"https:\/\/anolysept.rs\/wp-content\/uploads\/2023\/02\/flora-1000_web.png","width":320,"height":320,"caption":"Flora Anolysept 1000 ml"},{"@type":"BreadcrumbList","@id":"https:\/\/anolysept.rs\/product\/flora-rastvor-anolysept\/#breadcrumb","itemListElement":[{"@type":"ListItem","position":1,"name":"Home","item":"https:\/\/anolysept.rs\/"},{"@type":"ListItem","position":2,"name":"Proizvodi","item":"https:\/\/anolysept.rs\/proizvodi\/"},{"@type":"ListItem","position":3,"name":"Flora rastvor Anolysept"}]},{"@type":"WebSite","@id":"https:\/\/anolysept.rs\/#website","url":"https:\/\/anolysept.rs\/","name":"Anolysept.rs","description":"Ecological means for cleaning and disinfection","publisher":{"@id":"https:\/\/anolysept.rs\/#organization"},"potentialAction":[{"@type":"SearchAction","target":{"@type":"EntryPoint","urlTemplate":"https:\/\/anolysept.rs\/?s={search_term_string}"},"query-input":{"@type":"PropertyValueSpecification","valueRequired":true,"valueName":"search_term_string"}}],"inLanguage":"en-GB"},{"@type":"Organization","@id":"https:\/\/anolysept.rs\/#organization","name":"Anolysept.rs","url":"https:\/\/anolysept.rs\/","logo":{"@type":"ImageObject","inLanguage":"en-GB","@id":"https:\/\/anolysept.rs\/#\/schema\/logo\/image\/","url":"https:\/\/anolysept.rs\/wp-content\/uploads\/2022\/11\/anolysept-brand-fc-black-nobg-155x100-1.png","contentUrl":"https:\/\/anolysept.rs\/wp-content\/uploads\/2022\/11\/anolysept-brand-fc-black-nobg-155x100-1.png","width":155,"height":100,"caption":"Anolysept.rs"},"image":{"@id":"https:\/\/anolysept.rs\/#\/schema\/logo\/image\/"}}]}},"_links":{"self":[{"href":"https:\/\/anolysept.rs\/en\/wp-json\/wp\/v2\/product\/2214","targetHints":{"allow":["GET"]}}],"collection":[{"href":"https:\/\/anolysept.rs\/en\/wp-json\/wp\/v2\/product"}],"about":[{"href":"https:\/\/anolysept.rs\/en\/wp-json\/wp\/v2\/types\/product"}],"replies":[{"embeddable":true,"href":"https:\/\/anolysept.rs\/en\/wp-json\/wp\/v2\/comments?post=2214"}],"version-history":[{"count":1,"href":"https:\/\/anolysept.rs\/en\/wp-json\/wp\/v2\/product\/2214\/revisions"}],"predecessor-version":[{"id":2295,"href":"https:\/\/anolysept.rs\/en\/wp-json\/wp\/v2\/product\/2214\/revisions\/2295"}],"wp:featuredmedia":[{"embeddable":true,"href":"https:\/\/anolysept.rs\/en\/wp-json\/wp\/v2\/media\/2265"}],"wp:attachment":[{"href":"https:\/\/anolysept.rs\/en\/wp-json\/wp\/v2\/media?parent=2214"}],"wp:term":[{"taxonomy":"product_brand","embeddable":true,"href":"https:\/\/anolysept.rs\/en\/wp-json\/wp\/v2\/product_brand?post=2214"},{"taxonomy":"product_cat","embeddable":true,"href":"https:\/\/anolysept.rs\/en\/wp-json\/wp\/v2\/product_cat?post=2214"},{"taxonomy":"product_tag","embeddable":true,"href":"https:\/\/anolysept.rs\/en\/wp-json\/wp\/v2\/product_tag?post=2214"}],"curies":[{"name":"wp","href":"https:\/\/api.w.org\/{rel}","templated":true}]}}