{"id":230,"date":"2020-08-11T11:12:14","date_gmt":"2020-08-11T11:12:14","guid":{"rendered":"https:\/\/anolysept.rs\/product\/brown-living-room-sofa\/"},"modified":"2024-02-29T04:29:49","modified_gmt":"2024-02-29T03:29:49","slug":"sprej-za-ciscenje-i-dezinfekciju-300ml","status":"publish","type":"product","link":"https:\/\/anolysept.rs\/en\/product\/sprej-za-ciscenje-i-dezinfekciju-300ml\/","title":{"rendered":"Spray for cleaning and disinfection Anolysept 300ml"},"content":{"rendered":"<p>Spray for cleaning and disinfection of all surfaces. Safe for use in contact with food and in areas where domestic animals and pets reside.<\/p>","protected":false},"excerpt":{"rendered":"<p>Spray for cleaning and disinfection of all surfaces, suitable for cleaning rooms with food, living space for pets and domestic animals and all other elements and rooms that require fast and intensive cleaning.<\/p>","protected":false},"featured_media":1502,"comment_status":"open","ping_status":"closed","template":"","meta":{"site-sidebar-layout":"default","site-content-layout":"default","ast-site-content-layout":"default","site-content-style":"default","site-sidebar-style":"default","ast-global-header-display":"","ast-banner-title-visibility":"","ast-main-header-display":"","ast-hfb-above-header-display":"","ast-hfb-below-header-display":"","ast-hfb-mobile-header-display":"","site-post-title":"","ast-breadcrumbs-content":"","ast-featured-img":"","footer-sml-layout":"","ast-disable-related-posts":"","theme-transparent-header-meta":"default","adv-header-id-meta":"","stick-header-meta":"","header-above-stick-meta":"","header-main-stick-meta":"","header-below-stick-meta":"","astra-migrate-meta-layouts":"default","ast-page-background-enabled":"default","ast-page-background-meta":{"desktop":{"background-color":"","background-image":"","background-repeat":"repeat","background-position":"center center","background-size":"auto","background-attachment":"scroll","background-type":"","background-media":"","overlay-type":"","overlay-color":"","overlay-opacity":"","overlay-gradient":""},"tablet":{"background-color":"","background-image":"","background-repeat":"repeat","background-position":"center center","background-size":"auto","background-attachment":"scroll","background-type":"","background-media":"","overlay-type":"","overlay-color":"","overlay-opacity":"","overlay-gradient":""},"mobile":{"background-color":"","background-image":"","background-repeat":"repeat","background-position":"center center","background-size":"auto","background-attachment":"scroll","background-type":"","background-media":"","overlay-type":"","overlay-color":"","overlay-opacity":"","overlay-gradient":""}},"ast-content-background-meta":{"desktop":{"background-color":"var(--ast-global-color-5)","background-image":"","background-repeat":"repeat","background-position":"center center","background-size":"auto","background-attachment":"scroll","background-type":"","background-media":"","overlay-type":"","overlay-color":"","overlay-opacity":"","overlay-gradient":""},"tablet":{"background-color":"var(--ast-global-color-5)","background-image":"","background-repeat":"repeat","background-position":"center center","background-size":"auto","background-attachment":"scroll","background-type":"","background-media":"","overlay-type":"","overlay-color":"","overlay-opacity":"","overlay-gradient":""},"mobile":{"background-color":"var(--ast-global-color-5)","background-image":"","background-repeat":"repeat","background-position":"center center","background-size":"auto","background-attachment":"scroll","background-type":"","background-media":"","overlay-type":"","overlay-color":"","overlay-opacity":"","overlay-gradient":""}}},"product_brand":[],"product_cat":[15,20,38],"product_tag":[48,47,49],"class_list":{"0":"post-230","1":"product","2":"type-product","3":"status-publish","4":"has-post-thumbnail","6":"product_cat-all-products","7":"product_cat-kitchen","8":"product_cat-lifestyle","9":"product_tag-brzo-ciscenje","10":"product_tag-ekolosko-ciscenje","11":"product_tag-sigurno-ciscenje","12":"desktop-align-center","13":"tablet-align-center","14":"mobile-align-center","15":"ast-product-gallery-layout-horizontal","16":"ast-product-gallery-with-no-image","17":"ast-product-tabs-layout-horizontal","18":"ast-qv-on-image","20":"first","21":"onbackorder","22":"shipping-taxable","23":"purchasable","24":"product-type-simple"},"yoast_head":"<!-- This site is optimized with the Yoast SEO plugin v27.4 - https:\/\/yoast.com\/product\/yoast-seo-wordpress\/ -->\n<title>Sprej za \u010di\u0161\u0107enje i dezinfekciju Anolysept 300ml - Anolysept.rs<\/title>\n<meta name=\"description\" content=\"Ekolo\u0161ki sprej za \u010di\u0161\u0107enje i dezinfekciju \u017eivotnih prostora, bezbedan za kori\u0161\u0107enje u kontaktu sa hranom i u prostorijama u kojima borave ku\u0107ni ljubimci.\" \/>\n<meta name=\"robots\" content=\"index, follow, max-snippet:-1, max-image-preview:large, max-video-preview:-1\" \/>\n<link rel=\"canonical\" href=\"https:\/\/anolysept.rs\/en\/product\/sprej-za-ciscenje-i-dezinfekciju-300ml\/\" \/>\n<meta property=\"og:locale\" content=\"en_GB\" \/>\n<meta property=\"og:type\" content=\"article\" \/>\n<meta property=\"og:title\" content=\"Sprej za \u010di\u0161\u0107enje i dezinfekciju Anolysept 300ml - Anolysept.rs\" \/>\n<meta property=\"og:description\" content=\"Ekolo\u0161ki sprej za \u010di\u0161\u0107enje i dezinfekciju \u017eivotnih prostora, bezbedan za kori\u0161\u0107enje u kontaktu sa hranom i u prostorijama u kojima borave ku\u0107ni ljubimci.\" \/>\n<meta property=\"og:url\" content=\"https:\/\/anolysept.rs\/en\/product\/sprej-za-ciscenje-i-dezinfekciju-300ml\/\" \/>\n<meta property=\"og:site_name\" content=\"Anolysept.rs\" \/>\n<meta property=\"article:modified_time\" content=\"2024-02-29T03:29:49+00:00\" \/>\n<meta property=\"og:image\" content=\"https:\/\/anolysept.rs\/wp-content\/uploads\/2020\/08\/300ml-3-bottles-verkleind.png\" \/>\n\t<meta property=\"og:image:width\" content=\"512\" \/>\n\t<meta property=\"og:image:height\" content=\"512\" \/>\n\t<meta property=\"og:image:type\" content=\"image\/png\" \/>\n<meta name=\"twitter:card\" content=\"summary_large_image\" \/>\n<meta name=\"twitter:label1\" content=\"Estimated reading time\" \/>\n\t<meta name=\"twitter:data1\" content=\"1 minute\" \/>\n<script type=\"application\/ld+json\" class=\"yoast-schema-graph\">{\"@context\":\"https:\\\/\\\/schema.org\",\"@graph\":[{\"@type\":\"WebPage\",\"@id\":\"https:\\\/\\\/anolysept.rs\\\/product\\\/sprej-za-ciscenje-i-dezinfekciju-300ml\\\/\",\"url\":\"https:\\\/\\\/anolysept.rs\\\/product\\\/sprej-za-ciscenje-i-dezinfekciju-300ml\\\/\",\"name\":\"Sprej za \u010di\u0161\u0107enje i dezinfekciju Anolysept 300ml - Anolysept.rs\",\"isPartOf\":{\"@id\":\"https:\\\/\\\/anolysept.rs\\\/#website\"},\"primaryImageOfPage\":{\"@id\":\"https:\\\/\\\/anolysept.rs\\\/product\\\/sprej-za-ciscenje-i-dezinfekciju-300ml\\\/#primaryimage\"},\"image\":{\"@id\":\"https:\\\/\\\/anolysept.rs\\\/product\\\/sprej-za-ciscenje-i-dezinfekciju-300ml\\\/#primaryimage\"},\"thumbnailUrl\":\"https:\\\/\\\/anolysept.rs\\\/wp-content\\\/uploads\\\/2020\\\/08\\\/300ml-3-bottles-verkleind.png\",\"datePublished\":\"2020-08-11T11:12:14+00:00\",\"dateModified\":\"2024-02-29T03:29:49+00:00\",\"description\":\"Ekolo\u0161ki sprej za \u010di\u0161\u0107enje i dezinfekciju \u017eivotnih prostora, bezbedan za kori\u0161\u0107enje u kontaktu sa hranom i u prostorijama u kojima borave ku\u0107ni ljubimci.\",\"breadcrumb\":{\"@id\":\"https:\\\/\\\/anolysept.rs\\\/product\\\/sprej-za-ciscenje-i-dezinfekciju-300ml\\\/#breadcrumb\"},\"inLanguage\":\"en-GB\",\"potentialAction\":[{\"@type\":\"ReadAction\",\"target\":[\"https:\\\/\\\/anolysept.rs\\\/product\\\/sprej-za-ciscenje-i-dezinfekciju-300ml\\\/\"]}]},{\"@type\":\"ImageObject\",\"inLanguage\":\"en-GB\",\"@id\":\"https:\\\/\\\/anolysept.rs\\\/product\\\/sprej-za-ciscenje-i-dezinfekciju-300ml\\\/#primaryimage\",\"url\":\"https:\\\/\\\/anolysept.rs\\\/wp-content\\\/uploads\\\/2020\\\/08\\\/300ml-3-bottles-verkleind.png\",\"contentUrl\":\"https:\\\/\\\/anolysept.rs\\\/wp-content\\\/uploads\\\/2020\\\/08\\\/300ml-3-bottles-verkleind.png\",\"width\":512,\"height\":512,\"caption\":\"Ekolo\u0161ko sredstvo za \u010di\u0161\u0107enje i dezinfekciju prostora\"},{\"@type\":\"BreadcrumbList\",\"@id\":\"https:\\\/\\\/anolysept.rs\\\/product\\\/sprej-za-ciscenje-i-dezinfekciju-300ml\\\/#breadcrumb\",\"itemListElement\":[{\"@type\":\"ListItem\",\"position\":1,\"name\":\"Home\",\"item\":\"https:\\\/\\\/anolysept.rs\\\/\"},{\"@type\":\"ListItem\",\"position\":2,\"name\":\"Proizvodi\",\"item\":\"https:\\\/\\\/anolysept.rs\\\/proizvodi\\\/\"},{\"@type\":\"ListItem\",\"position\":3,\"name\":\"Sprej za \u010di\u0161\u0107enje i dezinfekciju Anolysept 300ml\"}]},{\"@type\":\"WebSite\",\"@id\":\"https:\\\/\\\/anolysept.rs\\\/#website\",\"url\":\"https:\\\/\\\/anolysept.rs\\\/\",\"name\":\"Anolysept.rs\",\"description\":\"Ekolo\u0161ka sredstva za \u010di\u0161\u0107enje i dezinfekciju\",\"publisher\":{\"@id\":\"https:\\\/\\\/anolysept.rs\\\/#organization\"},\"potentialAction\":[{\"@type\":\"SearchAction\",\"target\":{\"@type\":\"EntryPoint\",\"urlTemplate\":\"https:\\\/\\\/anolysept.rs\\\/?s={search_term_string}\"},\"query-input\":{\"@type\":\"PropertyValueSpecification\",\"valueRequired\":true,\"valueName\":\"search_term_string\"}}],\"inLanguage\":\"en-GB\"},{\"@type\":\"Organization\",\"@id\":\"https:\\\/\\\/anolysept.rs\\\/#organization\",\"name\":\"Anolysept.rs\",\"url\":\"https:\\\/\\\/anolysept.rs\\\/\",\"logo\":{\"@type\":\"ImageObject\",\"inLanguage\":\"en-GB\",\"@id\":\"https:\\\/\\\/anolysept.rs\\\/#\\\/schema\\\/logo\\\/image\\\/\",\"url\":\"https:\\\/\\\/anolysept.rs\\\/wp-content\\\/uploads\\\/2022\\\/11\\\/anolysept-brand-fc-black-nobg-155x100-1.png\",\"contentUrl\":\"https:\\\/\\\/anolysept.rs\\\/wp-content\\\/uploads\\\/2022\\\/11\\\/anolysept-brand-fc-black-nobg-155x100-1.png\",\"width\":155,\"height\":100,\"caption\":\"Anolysept.rs\"},\"image\":{\"@id\":\"https:\\\/\\\/anolysept.rs\\\/#\\\/schema\\\/logo\\\/image\\\/\"}}]}<\/script>\n<!-- \/ Yoast SEO plugin. -->","yoast_head_json":{"title":"Sprej za \u010di\u0161\u0107enje i dezinfekciju Anolysept 300ml - Anolysept.rs","description":"Ekolo\u0161ki sprej za \u010di\u0161\u0107enje i dezinfekciju \u017eivotnih prostora, bezbedan za kori\u0161\u0107enje u kontaktu sa hranom i u prostorijama u kojima borave ku\u0107ni ljubimci.","robots":{"index":"index","follow":"follow","max-snippet":"max-snippet:-1","max-image-preview":"max-image-preview:large","max-video-preview":"max-video-preview:-1"},"canonical":"https:\/\/anolysept.rs\/en\/product\/sprej-za-ciscenje-i-dezinfekciju-300ml\/","og_locale":"en_GB","og_type":"article","og_title":"Sprej za \u010di\u0161\u0107enje i dezinfekciju Anolysept 300ml - Anolysept.rs","og_description":"Ekolo\u0161ki sprej za \u010di\u0161\u0107enje i dezinfekciju \u017eivotnih prostora, bezbedan za kori\u0161\u0107enje u kontaktu sa hranom i u prostorijama u kojima borave ku\u0107ni ljubimci.","og_url":"https:\/\/anolysept.rs\/en\/product\/sprej-za-ciscenje-i-dezinfekciju-300ml\/","og_site_name":"Anolysept.rs","article_modified_time":"2024-02-29T03:29:49+00:00","og_image":[{"width":512,"height":512,"url":"https:\/\/anolysept.rs\/wp-content\/uploads\/2020\/08\/300ml-3-bottles-verkleind.png","type":"image\/png"}],"twitter_card":"summary_large_image","twitter_misc":{"Estimated reading time":"1 minute"},"schema":{"@context":"https:\/\/schema.org","@graph":[{"@type":"WebPage","@id":"https:\/\/anolysept.rs\/product\/sprej-za-ciscenje-i-dezinfekciju-300ml\/","url":"https:\/\/anolysept.rs\/product\/sprej-za-ciscenje-i-dezinfekciju-300ml\/","name":"Sprej za \u010di\u0161\u0107enje i dezinfekciju Anolysept 300ml - Anolysept.rs","isPartOf":{"@id":"https:\/\/anolysept.rs\/#website"},"primaryImageOfPage":{"@id":"https:\/\/anolysept.rs\/product\/sprej-za-ciscenje-i-dezinfekciju-300ml\/#primaryimage"},"image":{"@id":"https:\/\/anolysept.rs\/product\/sprej-za-ciscenje-i-dezinfekciju-300ml\/#primaryimage"},"thumbnailUrl":"https:\/\/anolysept.rs\/wp-content\/uploads\/2020\/08\/300ml-3-bottles-verkleind.png","datePublished":"2020-08-11T11:12:14+00:00","dateModified":"2024-02-29T03:29:49+00:00","description":"Ekolo\u0161ki sprej za \u010di\u0161\u0107enje i dezinfekciju \u017eivotnih prostora, bezbedan za kori\u0161\u0107enje u kontaktu sa hranom i u prostorijama u kojima borave ku\u0107ni ljubimci.","breadcrumb":{"@id":"https:\/\/anolysept.rs\/product\/sprej-za-ciscenje-i-dezinfekciju-300ml\/#breadcrumb"},"inLanguage":"en-GB","potentialAction":[{"@type":"ReadAction","target":["https:\/\/anolysept.rs\/product\/sprej-za-ciscenje-i-dezinfekciju-300ml\/"]}]},{"@type":"ImageObject","inLanguage":"en-GB","@id":"https:\/\/anolysept.rs\/product\/sprej-za-ciscenje-i-dezinfekciju-300ml\/#primaryimage","url":"https:\/\/anolysept.rs\/wp-content\/uploads\/2020\/08\/300ml-3-bottles-verkleind.png","contentUrl":"https:\/\/anolysept.rs\/wp-content\/uploads\/2020\/08\/300ml-3-bottles-verkleind.png","width":512,"height":512,"caption":"Ekolo\u0161ko sredstvo za \u010di\u0161\u0107enje i dezinfekciju prostora"},{"@type":"BreadcrumbList","@id":"https:\/\/anolysept.rs\/product\/sprej-za-ciscenje-i-dezinfekciju-300ml\/#breadcrumb","itemListElement":[{"@type":"ListItem","position":1,"name":"Home","item":"https:\/\/anolysept.rs\/"},{"@type":"ListItem","position":2,"name":"Proizvodi","item":"https:\/\/anolysept.rs\/proizvodi\/"},{"@type":"ListItem","position":3,"name":"Sprej za \u010di\u0161\u0107enje i dezinfekciju Anolysept 300ml"}]},{"@type":"WebSite","@id":"https:\/\/anolysept.rs\/#website","url":"https:\/\/anolysept.rs\/","name":"Anolysept.rs","description":"Ecological means for cleaning and disinfection","publisher":{"@id":"https:\/\/anolysept.rs\/#organization"},"potentialAction":[{"@type":"SearchAction","target":{"@type":"EntryPoint","urlTemplate":"https:\/\/anolysept.rs\/?s={search_term_string}"},"query-input":{"@type":"PropertyValueSpecification","valueRequired":true,"valueName":"search_term_string"}}],"inLanguage":"en-GB"},{"@type":"Organization","@id":"https:\/\/anolysept.rs\/#organization","name":"Anolysept.rs","url":"https:\/\/anolysept.rs\/","logo":{"@type":"ImageObject","inLanguage":"en-GB","@id":"https:\/\/anolysept.rs\/#\/schema\/logo\/image\/","url":"https:\/\/anolysept.rs\/wp-content\/uploads\/2022\/11\/anolysept-brand-fc-black-nobg-155x100-1.png","contentUrl":"https:\/\/anolysept.rs\/wp-content\/uploads\/2022\/11\/anolysept-brand-fc-black-nobg-155x100-1.png","width":155,"height":100,"caption":"Anolysept.rs"},"image":{"@id":"https:\/\/anolysept.rs\/#\/schema\/logo\/image\/"}}]}},"_links":{"self":[{"href":"https:\/\/anolysept.rs\/en\/wp-json\/wp\/v2\/product\/230","targetHints":{"allow":["GET"]}}],"collection":[{"href":"https:\/\/anolysept.rs\/en\/wp-json\/wp\/v2\/product"}],"about":[{"href":"https:\/\/anolysept.rs\/en\/wp-json\/wp\/v2\/types\/product"}],"replies":[{"embeddable":true,"href":"https:\/\/anolysept.rs\/en\/wp-json\/wp\/v2\/comments?post=230"}],"version-history":[{"count":2,"href":"https:\/\/anolysept.rs\/en\/wp-json\/wp\/v2\/product\/230\/revisions"}],"predecessor-version":[{"id":2300,"href":"https:\/\/anolysept.rs\/en\/wp-json\/wp\/v2\/product\/230\/revisions\/2300"}],"wp:featuredmedia":[{"embeddable":true,"href":"https:\/\/anolysept.rs\/en\/wp-json\/wp\/v2\/media\/1502"}],"wp:attachment":[{"href":"https:\/\/anolysept.rs\/en\/wp-json\/wp\/v2\/media?parent=230"}],"wp:term":[{"taxonomy":"product_brand","embeddable":true,"href":"https:\/\/anolysept.rs\/en\/wp-json\/wp\/v2\/product_brand?post=230"},{"taxonomy":"product_cat","embeddable":true,"href":"https:\/\/anolysept.rs\/en\/wp-json\/wp\/v2\/product_cat?post=230"},{"taxonomy":"product_tag","embeddable":true,"href":"https:\/\/anolysept.rs\/en\/wp-json\/wp\/v2\/product_tag?post=230"}],"curies":[{"name":"wp","href":"https:\/\/api.w.org\/{rel}","templated":true}]}}