{"id":290,"date":"2020-08-11T13:07:29","date_gmt":"2020-08-11T13:07:29","guid":{"rendered":"https:\/\/anolysept.rs\/product\/green-living-room-sofa\/"},"modified":"2023-05-16T12:48:00","modified_gmt":"2023-05-16T10:48:00","slug":"univerzalni-dezificijens-anolysept-sprej-100ml","status":"publish","type":"product","link":"https:\/\/anolysept.rs\/en\/product\/univerzalni-dezificijens-anolysept-sprej-100ml\/","title":{"rendered":"Universal disinfectant Anolysept spray 100ml"},"content":{"rendered":"<p>Universal disinfectant for smaller surfaces and skin.<\/p>","protected":false},"excerpt":{"rendered":"<p>Universal disinfectant for skin and smaller surfaces. It is primarily used for disinfection of hands and skin as well as smaller surfaces - mobile phones, headphones, small household appliances.<\/p>","protected":false},"featured_media":2199,"comment_status":"open","ping_status":"closed","template":"","meta":{"site-sidebar-layout":"default","site-content-layout":"default","ast-site-content-layout":"default","site-content-style":"default","site-sidebar-style":"default","ast-global-header-display":"","ast-banner-title-visibility":"","ast-main-header-display":"","ast-hfb-above-header-display":"","ast-hfb-below-header-display":"","ast-hfb-mobile-header-display":"","site-post-title":"","ast-breadcrumbs-content":"","ast-featured-img":"","footer-sml-layout":"","ast-disable-related-posts":"","theme-transparent-header-meta":"default","adv-header-id-meta":"","stick-header-meta":"","header-above-stick-meta":"","header-main-stick-meta":"","header-below-stick-meta":"","astra-migrate-meta-layouts":"default","ast-page-background-enabled":"default","ast-page-background-meta":{"desktop":{"background-color":"","background-image":"","background-repeat":"repeat","background-position":"center center","background-size":"auto","background-attachment":"scroll","background-type":"","background-media":"","overlay-type":"","overlay-color":"","overlay-opacity":"","overlay-gradient":""},"tablet":{"background-color":"","background-image":"","background-repeat":"repeat","background-position":"center center","background-size":"auto","background-attachment":"scroll","background-type":"","background-media":"","overlay-type":"","overlay-color":"","overlay-opacity":"","overlay-gradient":""},"mobile":{"background-color":"","background-image":"","background-repeat":"repeat","background-position":"center center","background-size":"auto","background-attachment":"scroll","background-type":"","background-media":"","overlay-type":"","overlay-color":"","overlay-opacity":"","overlay-gradient":""}},"ast-content-background-meta":{"desktop":{"background-color":"var(--ast-global-color-5)","background-image":"","background-repeat":"repeat","background-position":"center center","background-size":"auto","background-attachment":"scroll","background-type":"","background-media":"","overlay-type":"","overlay-color":"","overlay-opacity":"","overlay-gradient":""},"tablet":{"background-color":"var(--ast-global-color-5)","background-image":"","background-repeat":"repeat","background-position":"center center","background-size":"auto","background-attachment":"scroll","background-type":"","background-media":"","overlay-type":"","overlay-color":"","overlay-opacity":"","overlay-gradient":""},"mobile":{"background-color":"var(--ast-global-color-5)","background-image":"","background-repeat":"repeat","background-position":"center center","background-size":"auto","background-attachment":"scroll","background-type":"","background-media":"","overlay-type":"","overlay-color":"","overlay-opacity":"","overlay-gradient":""}}},"product_brand":[],"product_cat":[15,38,37],"product_tag":[32,34,33,36],"class_list":{"0":"post-290","1":"product","2":"type-product","3":"status-publish","4":"has-post-thumbnail","6":"product_cat-all-products","7":"product_cat-lifestyle","8":"product_cat-skin","9":"product_tag-ecocleaning","10":"product_tag-fast-cleaning","11":"product_tag-safe-cleaning","12":"product_tag-skincare","13":"desktop-align-center","14":"tablet-align-center","15":"mobile-align-center","16":"ast-product-gallery-layout-horizontal","17":"ast-product-tabs-layout-horizontal","18":"ast-qv-on-image","20":"first","21":"onbackorder","22":"shipping-taxable","23":"purchasable","24":"product-type-simple"},"yoast_head":"<!-- This site is optimized with the Yoast SEO plugin v27.4 - https:\/\/yoast.com\/product\/yoast-seo-wordpress\/ -->\n<title>Univerzalni dezificijens Anolysept sprej 100ml - Anolysept.rs<\/title>\n<meta name=\"description\" content=\"Univerzalni dezificijens za ko\u017eu i manje povr\u0161ine, mo\u017ee se koristiti na svim povr\u0161inama jer je ekolo\u0161ki podoban i nije \u0161tetan.\" \/>\n<meta name=\"robots\" content=\"index, follow, max-snippet:-1, max-image-preview:large, max-video-preview:-1\" \/>\n<link rel=\"canonical\" href=\"https:\/\/anolysept.rs\/en\/product\/univerzalni-dezificijens-anolysept-sprej-100ml\/\" \/>\n<meta property=\"og:locale\" content=\"en_GB\" \/>\n<meta property=\"og:type\" content=\"article\" \/>\n<meta property=\"og:title\" content=\"Univerzalni dezificijens Anolysept sprej 100ml - Anolysept.rs\" \/>\n<meta property=\"og:description\" content=\"Univerzalni dezificijens za ko\u017eu i manje povr\u0161ine, mo\u017ee se koristiti na svim povr\u0161inama jer je ekolo\u0161ki podoban i nije \u0161tetan.\" \/>\n<meta property=\"og:url\" content=\"https:\/\/anolysept.rs\/en\/product\/univerzalni-dezificijens-anolysept-sprej-100ml\/\" \/>\n<meta property=\"og:site_name\" content=\"Anolysept.rs\" \/>\n<meta property=\"article:modified_time\" content=\"2023-05-16T10:48:00+00:00\" \/>\n<meta property=\"og:image\" content=\"https:\/\/anolysept.rs\/wp-content\/uploads\/2020\/08\/100ml-3-bottles-verkleind-300x300-1_inPixio.png\" \/>\n\t<meta property=\"og:image:width\" content=\"300\" \/>\n\t<meta property=\"og:image:height\" content=\"300\" \/>\n\t<meta property=\"og:image:type\" content=\"image\/png\" \/>\n<meta name=\"twitter:card\" content=\"summary_large_image\" \/>\n<meta name=\"twitter:label1\" content=\"Estimated reading time\" \/>\n\t<meta name=\"twitter:data1\" content=\"1 minute\" \/>\n<script type=\"application\/ld+json\" class=\"yoast-schema-graph\">{\"@context\":\"https:\\\/\\\/schema.org\",\"@graph\":[{\"@type\":\"WebPage\",\"@id\":\"https:\\\/\\\/anolysept.rs\\\/product\\\/univerzalni-dezificijens-anolysept-sprej-100ml\\\/\",\"url\":\"https:\\\/\\\/anolysept.rs\\\/product\\\/univerzalni-dezificijens-anolysept-sprej-100ml\\\/\",\"name\":\"Univerzalni dezificijens Anolysept sprej 100ml - Anolysept.rs\",\"isPartOf\":{\"@id\":\"https:\\\/\\\/anolysept.rs\\\/#website\"},\"primaryImageOfPage\":{\"@id\":\"https:\\\/\\\/anolysept.rs\\\/product\\\/univerzalni-dezificijens-anolysept-sprej-100ml\\\/#primaryimage\"},\"image\":{\"@id\":\"https:\\\/\\\/anolysept.rs\\\/product\\\/univerzalni-dezificijens-anolysept-sprej-100ml\\\/#primaryimage\"},\"thumbnailUrl\":\"https:\\\/\\\/anolysept.rs\\\/wp-content\\\/uploads\\\/2020\\\/08\\\/100ml-3-bottles-verkleind-300x300-1_inPixio.png\",\"datePublished\":\"2020-08-11T13:07:29+00:00\",\"dateModified\":\"2023-05-16T10:48:00+00:00\",\"description\":\"Univerzalni dezificijens za ko\u017eu i manje povr\u0161ine, mo\u017ee se koristiti na svim povr\u0161inama jer je ekolo\u0161ki podoban i nije \u0161tetan.\",\"breadcrumb\":{\"@id\":\"https:\\\/\\\/anolysept.rs\\\/product\\\/univerzalni-dezificijens-anolysept-sprej-100ml\\\/#breadcrumb\"},\"inLanguage\":\"en-GB\",\"potentialAction\":[{\"@type\":\"ReadAction\",\"target\":[\"https:\\\/\\\/anolysept.rs\\\/product\\\/univerzalni-dezificijens-anolysept-sprej-100ml\\\/\"]}]},{\"@type\":\"ImageObject\",\"inLanguage\":\"en-GB\",\"@id\":\"https:\\\/\\\/anolysept.rs\\\/product\\\/univerzalni-dezificijens-anolysept-sprej-100ml\\\/#primaryimage\",\"url\":\"https:\\\/\\\/anolysept.rs\\\/wp-content\\\/uploads\\\/2020\\\/08\\\/100ml-3-bottles-verkleind-300x300-1_inPixio.png\",\"contentUrl\":\"https:\\\/\\\/anolysept.rs\\\/wp-content\\\/uploads\\\/2020\\\/08\\\/100ml-3-bottles-verkleind-300x300-1_inPixio.png\",\"width\":300,\"height\":300,\"caption\":\"Sredstvo za \u010di\u0161\u0107enje i dezinfekciju Anolysept\"},{\"@type\":\"BreadcrumbList\",\"@id\":\"https:\\\/\\\/anolysept.rs\\\/product\\\/univerzalni-dezificijens-anolysept-sprej-100ml\\\/#breadcrumb\",\"itemListElement\":[{\"@type\":\"ListItem\",\"position\":1,\"name\":\"Home\",\"item\":\"https:\\\/\\\/anolysept.rs\\\/\"},{\"@type\":\"ListItem\",\"position\":2,\"name\":\"Proizvodi\",\"item\":\"https:\\\/\\\/anolysept.rs\\\/proizvodi\\\/\"},{\"@type\":\"ListItem\",\"position\":3,\"name\":\"Univerzalni dezificijens Anolysept sprej 100ml\"}]},{\"@type\":\"WebSite\",\"@id\":\"https:\\\/\\\/anolysept.rs\\\/#website\",\"url\":\"https:\\\/\\\/anolysept.rs\\\/\",\"name\":\"Anolysept.rs\",\"description\":\"Ekolo\u0161ka sredstva za \u010di\u0161\u0107enje i dezinfekciju\",\"publisher\":{\"@id\":\"https:\\\/\\\/anolysept.rs\\\/#organization\"},\"potentialAction\":[{\"@type\":\"SearchAction\",\"target\":{\"@type\":\"EntryPoint\",\"urlTemplate\":\"https:\\\/\\\/anolysept.rs\\\/?s={search_term_string}\"},\"query-input\":{\"@type\":\"PropertyValueSpecification\",\"valueRequired\":true,\"valueName\":\"search_term_string\"}}],\"inLanguage\":\"en-GB\"},{\"@type\":\"Organization\",\"@id\":\"https:\\\/\\\/anolysept.rs\\\/#organization\",\"name\":\"Anolysept.rs\",\"url\":\"https:\\\/\\\/anolysept.rs\\\/\",\"logo\":{\"@type\":\"ImageObject\",\"inLanguage\":\"en-GB\",\"@id\":\"https:\\\/\\\/anolysept.rs\\\/#\\\/schema\\\/logo\\\/image\\\/\",\"url\":\"https:\\\/\\\/anolysept.rs\\\/wp-content\\\/uploads\\\/2022\\\/11\\\/anolysept-brand-fc-black-nobg-155x100-1.png\",\"contentUrl\":\"https:\\\/\\\/anolysept.rs\\\/wp-content\\\/uploads\\\/2022\\\/11\\\/anolysept-brand-fc-black-nobg-155x100-1.png\",\"width\":155,\"height\":100,\"caption\":\"Anolysept.rs\"},\"image\":{\"@id\":\"https:\\\/\\\/anolysept.rs\\\/#\\\/schema\\\/logo\\\/image\\\/\"}}]}<\/script>\n<!-- \/ Yoast SEO plugin. -->","yoast_head_json":{"title":"Univerzalni dezificijens Anolysept sprej 100ml - Anolysept.rs","description":"Univerzalni dezificijens za ko\u017eu i manje povr\u0161ine, mo\u017ee se koristiti na svim povr\u0161inama jer je ekolo\u0161ki podoban i nije \u0161tetan.","robots":{"index":"index","follow":"follow","max-snippet":"max-snippet:-1","max-image-preview":"max-image-preview:large","max-video-preview":"max-video-preview:-1"},"canonical":"https:\/\/anolysept.rs\/en\/product\/univerzalni-dezificijens-anolysept-sprej-100ml\/","og_locale":"en_GB","og_type":"article","og_title":"Univerzalni dezificijens Anolysept sprej 100ml - Anolysept.rs","og_description":"Univerzalni dezificijens za ko\u017eu i manje povr\u0161ine, mo\u017ee se koristiti na svim povr\u0161inama jer je ekolo\u0161ki podoban i nije \u0161tetan.","og_url":"https:\/\/anolysept.rs\/en\/product\/univerzalni-dezificijens-anolysept-sprej-100ml\/","og_site_name":"Anolysept.rs","article_modified_time":"2023-05-16T10:48:00+00:00","og_image":[{"width":300,"height":300,"url":"https:\/\/anolysept.rs\/wp-content\/uploads\/2020\/08\/100ml-3-bottles-verkleind-300x300-1_inPixio.png","type":"image\/png"}],"twitter_card":"summary_large_image","twitter_misc":{"Estimated reading time":"1 minute"},"schema":{"@context":"https:\/\/schema.org","@graph":[{"@type":"WebPage","@id":"https:\/\/anolysept.rs\/product\/univerzalni-dezificijens-anolysept-sprej-100ml\/","url":"https:\/\/anolysept.rs\/product\/univerzalni-dezificijens-anolysept-sprej-100ml\/","name":"Univerzalni dezificijens Anolysept sprej 100ml - Anolysept.rs","isPartOf":{"@id":"https:\/\/anolysept.rs\/#website"},"primaryImageOfPage":{"@id":"https:\/\/anolysept.rs\/product\/univerzalni-dezificijens-anolysept-sprej-100ml\/#primaryimage"},"image":{"@id":"https:\/\/anolysept.rs\/product\/univerzalni-dezificijens-anolysept-sprej-100ml\/#primaryimage"},"thumbnailUrl":"https:\/\/anolysept.rs\/wp-content\/uploads\/2020\/08\/100ml-3-bottles-verkleind-300x300-1_inPixio.png","datePublished":"2020-08-11T13:07:29+00:00","dateModified":"2023-05-16T10:48:00+00:00","description":"Univerzalni dezificijens za ko\u017eu i manje povr\u0161ine, mo\u017ee se koristiti na svim povr\u0161inama jer je ekolo\u0161ki podoban i nije \u0161tetan.","breadcrumb":{"@id":"https:\/\/anolysept.rs\/product\/univerzalni-dezificijens-anolysept-sprej-100ml\/#breadcrumb"},"inLanguage":"en-GB","potentialAction":[{"@type":"ReadAction","target":["https:\/\/anolysept.rs\/product\/univerzalni-dezificijens-anolysept-sprej-100ml\/"]}]},{"@type":"ImageObject","inLanguage":"en-GB","@id":"https:\/\/anolysept.rs\/product\/univerzalni-dezificijens-anolysept-sprej-100ml\/#primaryimage","url":"https:\/\/anolysept.rs\/wp-content\/uploads\/2020\/08\/100ml-3-bottles-verkleind-300x300-1_inPixio.png","contentUrl":"https:\/\/anolysept.rs\/wp-content\/uploads\/2020\/08\/100ml-3-bottles-verkleind-300x300-1_inPixio.png","width":300,"height":300,"caption":"Sredstvo za \u010di\u0161\u0107enje i dezinfekciju Anolysept"},{"@type":"BreadcrumbList","@id":"https:\/\/anolysept.rs\/product\/univerzalni-dezificijens-anolysept-sprej-100ml\/#breadcrumb","itemListElement":[{"@type":"ListItem","position":1,"name":"Home","item":"https:\/\/anolysept.rs\/"},{"@type":"ListItem","position":2,"name":"Proizvodi","item":"https:\/\/anolysept.rs\/proizvodi\/"},{"@type":"ListItem","position":3,"name":"Univerzalni dezificijens Anolysept sprej 100ml"}]},{"@type":"WebSite","@id":"https:\/\/anolysept.rs\/#website","url":"https:\/\/anolysept.rs\/","name":"Anolysept.rs","description":"Ecological means for cleaning and disinfection","publisher":{"@id":"https:\/\/anolysept.rs\/#organization"},"potentialAction":[{"@type":"SearchAction","target":{"@type":"EntryPoint","urlTemplate":"https:\/\/anolysept.rs\/?s={search_term_string}"},"query-input":{"@type":"PropertyValueSpecification","valueRequired":true,"valueName":"search_term_string"}}],"inLanguage":"en-GB"},{"@type":"Organization","@id":"https:\/\/anolysept.rs\/#organization","name":"Anolysept.rs","url":"https:\/\/anolysept.rs\/","logo":{"@type":"ImageObject","inLanguage":"en-GB","@id":"https:\/\/anolysept.rs\/#\/schema\/logo\/image\/","url":"https:\/\/anolysept.rs\/wp-content\/uploads\/2022\/11\/anolysept-brand-fc-black-nobg-155x100-1.png","contentUrl":"https:\/\/anolysept.rs\/wp-content\/uploads\/2022\/11\/anolysept-brand-fc-black-nobg-155x100-1.png","width":155,"height":100,"caption":"Anolysept.rs"},"image":{"@id":"https:\/\/anolysept.rs\/#\/schema\/logo\/image\/"}}]}},"_links":{"self":[{"href":"https:\/\/anolysept.rs\/en\/wp-json\/wp\/v2\/product\/290","targetHints":{"allow":["GET"]}}],"collection":[{"href":"https:\/\/anolysept.rs\/en\/wp-json\/wp\/v2\/product"}],"about":[{"href":"https:\/\/anolysept.rs\/en\/wp-json\/wp\/v2\/types\/product"}],"replies":[{"embeddable":true,"href":"https:\/\/anolysept.rs\/en\/wp-json\/wp\/v2\/comments?post=290"}],"version-history":[{"count":2,"href":"https:\/\/anolysept.rs\/en\/wp-json\/wp\/v2\/product\/290\/revisions"}],"predecessor-version":[{"id":2298,"href":"https:\/\/anolysept.rs\/en\/wp-json\/wp\/v2\/product\/290\/revisions\/2298"}],"wp:featuredmedia":[{"embeddable":true,"href":"https:\/\/anolysept.rs\/en\/wp-json\/wp\/v2\/media\/2199"}],"wp:attachment":[{"href":"https:\/\/anolysept.rs\/en\/wp-json\/wp\/v2\/media?parent=290"}],"wp:term":[{"taxonomy":"product_brand","embeddable":true,"href":"https:\/\/anolysept.rs\/en\/wp-json\/wp\/v2\/product_brand?post=290"},{"taxonomy":"product_cat","embeddable":true,"href":"https:\/\/anolysept.rs\/en\/wp-json\/wp\/v2\/product_cat?post=290"},{"taxonomy":"product_tag","embeddable":true,"href":"https:\/\/anolysept.rs\/en\/wp-json\/wp\/v2\/product_tag?post=290"}],"curies":[{"name":"wp","href":"https:\/\/api.w.org\/{rel}","templated":true}]}}