{"id":921,"date":"2022-11-20T01:40:34","date_gmt":"2022-11-20T00:40:34","guid":{"rendered":"https:\/\/anolysept.rs\/?post_type=product&#038;p=921"},"modified":"2023-05-16T12:47:59","modified_gmt":"2023-05-16T10:47:59","slug":"pet-sprej-anolysept-500ml","status":"publish","type":"product","link":"https:\/\/anolysept.rs\/en\/product\/pet-sprej-anolysept-500ml\/","title":{"rendered":"PET spray Anolysept 500ml"},"content":{"rendered":"<p>PET spray is a safe and effective tool for maintaining hygiene in the veterinary office and removing unpleasant odors from rooms where pets stay.<\/p>","protected":false},"excerpt":{"rendered":"<p>PET spray is a safe and effective tool for maintaining hygiene in the veterinary clinic and for disinfecting and removing unpleasant odors from the rooms where they stay.<\/p>","protected":false},"featured_media":2218,"comment_status":"open","ping_status":"closed","template":"","meta":{"site-sidebar-layout":"default","site-content-layout":"default","ast-site-content-layout":"default","site-content-style":"default","site-sidebar-style":"default","ast-global-header-display":"","ast-banner-title-visibility":"","ast-main-header-display":"","ast-hfb-above-header-display":"","ast-hfb-below-header-display":"","ast-hfb-mobile-header-display":"","site-post-title":"","ast-breadcrumbs-content":"","ast-featured-img":"","footer-sml-layout":"","ast-disable-related-posts":"","theme-transparent-header-meta":"default","adv-header-id-meta":"","stick-header-meta":"","header-above-stick-meta":"","header-main-stick-meta":"","header-below-stick-meta":"","astra-migrate-meta-layouts":"default","ast-page-background-enabled":"default","ast-page-background-meta":{"desktop":{"background-color":"","background-image":"","background-repeat":"repeat","background-position":"center center","background-size":"auto","background-attachment":"scroll","background-type":"","background-media":"","overlay-type":"","overlay-color":"","overlay-opacity":"","overlay-gradient":""},"tablet":{"background-color":"","background-image":"","background-repeat":"repeat","background-position":"center center","background-size":"auto","background-attachment":"scroll","background-type":"","background-media":"","overlay-type":"","overlay-color":"","overlay-opacity":"","overlay-gradient":""},"mobile":{"background-color":"","background-image":"","background-repeat":"repeat","background-position":"center center","background-size":"auto","background-attachment":"scroll","background-type":"","background-media":"","overlay-type":"","overlay-color":"","overlay-opacity":"","overlay-gradient":""}},"ast-content-background-meta":{"desktop":{"background-color":"var(--ast-global-color-5)","background-image":"","background-repeat":"repeat","background-position":"center center","background-size":"auto","background-attachment":"scroll","background-type":"","background-media":"","overlay-type":"","overlay-color":"","overlay-opacity":"","overlay-gradient":""},"tablet":{"background-color":"var(--ast-global-color-5)","background-image":"","background-repeat":"repeat","background-position":"center center","background-size":"auto","background-attachment":"scroll","background-type":"","background-media":"","overlay-type":"","overlay-color":"","overlay-opacity":"","overlay-gradient":""},"mobile":{"background-color":"var(--ast-global-color-5)","background-image":"","background-repeat":"repeat","background-position":"center center","background-size":"auto","background-attachment":"scroll","background-type":"","background-media":"","overlay-type":"","overlay-color":"","overlay-opacity":"","overlay-gradient":""}}},"product_brand":[],"product_cat":[15,40],"product_tag":[53,52],"class_list":{"0":"post-921","1":"product","2":"type-product","3":"status-publish","4":"has-post-thumbnail","6":"product_cat-all-products","7":"product_cat-kucni-ljubimci","8":"product_tag-kucni-ljubimci","9":"product_tag-pet","10":"desktop-align-center","11":"tablet-align-center","12":"mobile-align-center","13":"ast-product-gallery-layout-horizontal","14":"ast-product-gallery-with-no-image","15":"ast-product-tabs-layout-horizontal","16":"ast-qv-on-image","18":"first","19":"onbackorder","20":"shipping-taxable","21":"purchasable","22":"product-type-simple"},"yoast_head":"<!-- This site is optimized with the Yoast SEO plugin v27.4 - https:\/\/yoast.com\/product\/yoast-seo-wordpress\/ -->\n<title>PET sprej Anolysept 500ml - Anolysept.rs<\/title>\n<meta name=\"description\" content=\"PET spray je sigurno i efikasno sredstvo za odr\u017eavanje higijene u veterini i za dezinfekcija i otklanjane neprijatnih mirisa prostorija u kojima borave.\" \/>\n<meta name=\"robots\" content=\"index, follow, max-snippet:-1, max-image-preview:large, max-video-preview:-1\" \/>\n<link rel=\"canonical\" href=\"https:\/\/anolysept.rs\/en\/product\/pet-sprej-anolysept-500ml\/\" \/>\n<meta property=\"og:locale\" content=\"en_GB\" \/>\n<meta property=\"og:type\" content=\"article\" \/>\n<meta property=\"og:title\" content=\"PET sprej Anolysept 500ml - Anolysept.rs\" \/>\n<meta property=\"og:description\" content=\"PET spray je sigurno i efikasno sredstvo za odr\u017eavanje higijene u veterini i za dezinfekcija i otklanjane neprijatnih mirisa prostorija u kojima borave.\" \/>\n<meta property=\"og:url\" content=\"https:\/\/anolysept.rs\/en\/product\/pet-sprej-anolysept-500ml\/\" \/>\n<meta property=\"og:site_name\" content=\"Anolysept.rs\" \/>\n<meta property=\"article:modified_time\" content=\"2023-05-16T10:47:59+00:00\" \/>\n<meta property=\"og:image\" content=\"https:\/\/anolysept.rs\/wp-content\/uploads\/2022\/11\/Image-pet_inPixio-Copy.png\" \/>\n\t<meta property=\"og:image:width\" content=\"1080\" \/>\n\t<meta property=\"og:image:height\" content=\"1080\" \/>\n\t<meta property=\"og:image:type\" content=\"image\/png\" \/>\n<meta name=\"twitter:card\" content=\"summary_large_image\" \/>\n<meta name=\"twitter:label1\" content=\"Estimated reading time\" \/>\n\t<meta name=\"twitter:data1\" content=\"1 minute\" \/>\n<script type=\"application\/ld+json\" class=\"yoast-schema-graph\">{\"@context\":\"https:\\\/\\\/schema.org\",\"@graph\":[{\"@type\":\"WebPage\",\"@id\":\"https:\\\/\\\/anolysept.rs\\\/product\\\/pet-sprej-anolysept-500ml\\\/\",\"url\":\"https:\\\/\\\/anolysept.rs\\\/product\\\/pet-sprej-anolysept-500ml\\\/\",\"name\":\"PET sprej Anolysept 500ml - Anolysept.rs\",\"isPartOf\":{\"@id\":\"https:\\\/\\\/anolysept.rs\\\/#website\"},\"primaryImageOfPage\":{\"@id\":\"https:\\\/\\\/anolysept.rs\\\/product\\\/pet-sprej-anolysept-500ml\\\/#primaryimage\"},\"image\":{\"@id\":\"https:\\\/\\\/anolysept.rs\\\/product\\\/pet-sprej-anolysept-500ml\\\/#primaryimage\"},\"thumbnailUrl\":\"https:\\\/\\\/anolysept.rs\\\/wp-content\\\/uploads\\\/2022\\\/11\\\/Image-pet_inPixio-Copy.png\",\"datePublished\":\"2022-11-20T00:40:34+00:00\",\"dateModified\":\"2023-05-16T10:47:59+00:00\",\"description\":\"PET spray je sigurno i efikasno sredstvo za odr\u017eavanje higijene u veterini i za dezinfekcija i otklanjane neprijatnih mirisa prostorija u kojima borave.\",\"breadcrumb\":{\"@id\":\"https:\\\/\\\/anolysept.rs\\\/product\\\/pet-sprej-anolysept-500ml\\\/#breadcrumb\"},\"inLanguage\":\"en-GB\",\"potentialAction\":[{\"@type\":\"ReadAction\",\"target\":[\"https:\\\/\\\/anolysept.rs\\\/product\\\/pet-sprej-anolysept-500ml\\\/\"]}]},{\"@type\":\"ImageObject\",\"inLanguage\":\"en-GB\",\"@id\":\"https:\\\/\\\/anolysept.rs\\\/product\\\/pet-sprej-anolysept-500ml\\\/#primaryimage\",\"url\":\"https:\\\/\\\/anolysept.rs\\\/wp-content\\\/uploads\\\/2022\\\/11\\\/Image-pet_inPixio-Copy.png\",\"contentUrl\":\"https:\\\/\\\/anolysept.rs\\\/wp-content\\\/uploads\\\/2022\\\/11\\\/Image-pet_inPixio-Copy.png\",\"width\":1080,\"height\":1080,\"caption\":\"pet sprej za odr\u017eavanje higijene u veterini\"},{\"@type\":\"BreadcrumbList\",\"@id\":\"https:\\\/\\\/anolysept.rs\\\/product\\\/pet-sprej-anolysept-500ml\\\/#breadcrumb\",\"itemListElement\":[{\"@type\":\"ListItem\",\"position\":1,\"name\":\"Home\",\"item\":\"https:\\\/\\\/anolysept.rs\\\/\"},{\"@type\":\"ListItem\",\"position\":2,\"name\":\"Proizvodi\",\"item\":\"https:\\\/\\\/anolysept.rs\\\/proizvodi\\\/\"},{\"@type\":\"ListItem\",\"position\":3,\"name\":\"PET sprej Anolysept 500ml\"}]},{\"@type\":\"WebSite\",\"@id\":\"https:\\\/\\\/anolysept.rs\\\/#website\",\"url\":\"https:\\\/\\\/anolysept.rs\\\/\",\"name\":\"Anolysept.rs\",\"description\":\"Ekolo\u0161ka sredstva za \u010di\u0161\u0107enje i dezinfekciju\",\"publisher\":{\"@id\":\"https:\\\/\\\/anolysept.rs\\\/#organization\"},\"potentialAction\":[{\"@type\":\"SearchAction\",\"target\":{\"@type\":\"EntryPoint\",\"urlTemplate\":\"https:\\\/\\\/anolysept.rs\\\/?s={search_term_string}\"},\"query-input\":{\"@type\":\"PropertyValueSpecification\",\"valueRequired\":true,\"valueName\":\"search_term_string\"}}],\"inLanguage\":\"en-GB\"},{\"@type\":\"Organization\",\"@id\":\"https:\\\/\\\/anolysept.rs\\\/#organization\",\"name\":\"Anolysept.rs\",\"url\":\"https:\\\/\\\/anolysept.rs\\\/\",\"logo\":{\"@type\":\"ImageObject\",\"inLanguage\":\"en-GB\",\"@id\":\"https:\\\/\\\/anolysept.rs\\\/#\\\/schema\\\/logo\\\/image\\\/\",\"url\":\"https:\\\/\\\/anolysept.rs\\\/wp-content\\\/uploads\\\/2022\\\/11\\\/anolysept-brand-fc-black-nobg-155x100-1.png\",\"contentUrl\":\"https:\\\/\\\/anolysept.rs\\\/wp-content\\\/uploads\\\/2022\\\/11\\\/anolysept-brand-fc-black-nobg-155x100-1.png\",\"width\":155,\"height\":100,\"caption\":\"Anolysept.rs\"},\"image\":{\"@id\":\"https:\\\/\\\/anolysept.rs\\\/#\\\/schema\\\/logo\\\/image\\\/\"}}]}<\/script>\n<!-- \/ Yoast SEO plugin. -->","yoast_head_json":{"title":"PET sprej Anolysept 500ml - Anolysept.rs","description":"PET spray is a safe and effective tool for maintaining hygiene in the veterinary clinic and for disinfecting and removing unpleasant odors from the rooms where they stay.","robots":{"index":"index","follow":"follow","max-snippet":"max-snippet:-1","max-image-preview":"max-image-preview:large","max-video-preview":"max-video-preview:-1"},"canonical":"https:\/\/anolysept.rs\/en\/product\/pet-sprej-anolysept-500ml\/","og_locale":"en_GB","og_type":"article","og_title":"PET sprej Anolysept 500ml - Anolysept.rs","og_description":"PET spray je sigurno i efikasno sredstvo za odr\u017eavanje higijene u veterini i za dezinfekcija i otklanjane neprijatnih mirisa prostorija u kojima borave.","og_url":"https:\/\/anolysept.rs\/en\/product\/pet-sprej-anolysept-500ml\/","og_site_name":"Anolysept.rs","article_modified_time":"2023-05-16T10:47:59+00:00","og_image":[{"width":1080,"height":1080,"url":"https:\/\/anolysept.rs\/wp-content\/uploads\/2022\/11\/Image-pet_inPixio-Copy.png","type":"image\/png"}],"twitter_card":"summary_large_image","twitter_misc":{"Estimated reading time":"1 minute"},"schema":{"@context":"https:\/\/schema.org","@graph":[{"@type":"WebPage","@id":"https:\/\/anolysept.rs\/product\/pet-sprej-anolysept-500ml\/","url":"https:\/\/anolysept.rs\/product\/pet-sprej-anolysept-500ml\/","name":"PET sprej Anolysept 500ml - Anolysept.rs","isPartOf":{"@id":"https:\/\/anolysept.rs\/#website"},"primaryImageOfPage":{"@id":"https:\/\/anolysept.rs\/product\/pet-sprej-anolysept-500ml\/#primaryimage"},"image":{"@id":"https:\/\/anolysept.rs\/product\/pet-sprej-anolysept-500ml\/#primaryimage"},"thumbnailUrl":"https:\/\/anolysept.rs\/wp-content\/uploads\/2022\/11\/Image-pet_inPixio-Copy.png","datePublished":"2022-11-20T00:40:34+00:00","dateModified":"2023-05-16T10:47:59+00:00","description":"PET spray is a safe and effective tool for maintaining hygiene in the veterinary clinic and for disinfecting and removing unpleasant odors from the rooms where they stay.","breadcrumb":{"@id":"https:\/\/anolysept.rs\/product\/pet-sprej-anolysept-500ml\/#breadcrumb"},"inLanguage":"en-GB","potentialAction":[{"@type":"ReadAction","target":["https:\/\/anolysept.rs\/product\/pet-sprej-anolysept-500ml\/"]}]},{"@type":"ImageObject","inLanguage":"en-GB","@id":"https:\/\/anolysept.rs\/product\/pet-sprej-anolysept-500ml\/#primaryimage","url":"https:\/\/anolysept.rs\/wp-content\/uploads\/2022\/11\/Image-pet_inPixio-Copy.png","contentUrl":"https:\/\/anolysept.rs\/wp-content\/uploads\/2022\/11\/Image-pet_inPixio-Copy.png","width":1080,"height":1080,"caption":"pet sprej za odr\u017eavanje higijene u veterini"},{"@type":"BreadcrumbList","@id":"https:\/\/anolysept.rs\/product\/pet-sprej-anolysept-500ml\/#breadcrumb","itemListElement":[{"@type":"ListItem","position":1,"name":"Home","item":"https:\/\/anolysept.rs\/"},{"@type":"ListItem","position":2,"name":"Proizvodi","item":"https:\/\/anolysept.rs\/proizvodi\/"},{"@type":"ListItem","position":3,"name":"PET sprej Anolysept 500ml"}]},{"@type":"WebSite","@id":"https:\/\/anolysept.rs\/#website","url":"https:\/\/anolysept.rs\/","name":"Anolysept.rs","description":"Ecological means for cleaning and disinfection","publisher":{"@id":"https:\/\/anolysept.rs\/#organization"},"potentialAction":[{"@type":"SearchAction","target":{"@type":"EntryPoint","urlTemplate":"https:\/\/anolysept.rs\/?s={search_term_string}"},"query-input":{"@type":"PropertyValueSpecification","valueRequired":true,"valueName":"search_term_string"}}],"inLanguage":"en-GB"},{"@type":"Organization","@id":"https:\/\/anolysept.rs\/#organization","name":"Anolysept.rs","url":"https:\/\/anolysept.rs\/","logo":{"@type":"ImageObject","inLanguage":"en-GB","@id":"https:\/\/anolysept.rs\/#\/schema\/logo\/image\/","url":"https:\/\/anolysept.rs\/wp-content\/uploads\/2022\/11\/anolysept-brand-fc-black-nobg-155x100-1.png","contentUrl":"https:\/\/anolysept.rs\/wp-content\/uploads\/2022\/11\/anolysept-brand-fc-black-nobg-155x100-1.png","width":155,"height":100,"caption":"Anolysept.rs"},"image":{"@id":"https:\/\/anolysept.rs\/#\/schema\/logo\/image\/"}}]}},"_links":{"self":[{"href":"https:\/\/anolysept.rs\/en\/wp-json\/wp\/v2\/product\/921","targetHints":{"allow":["GET"]}}],"collection":[{"href":"https:\/\/anolysept.rs\/en\/wp-json\/wp\/v2\/product"}],"about":[{"href":"https:\/\/anolysept.rs\/en\/wp-json\/wp\/v2\/types\/product"}],"replies":[{"embeddable":true,"href":"https:\/\/anolysept.rs\/en\/wp-json\/wp\/v2\/comments?post=921"}],"version-history":[{"count":2,"href":"https:\/\/anolysept.rs\/en\/wp-json\/wp\/v2\/product\/921\/revisions"}],"predecessor-version":[{"id":2297,"href":"https:\/\/anolysept.rs\/en\/wp-json\/wp\/v2\/product\/921\/revisions\/2297"}],"wp:featuredmedia":[{"embeddable":true,"href":"https:\/\/anolysept.rs\/en\/wp-json\/wp\/v2\/media\/2218"}],"wp:attachment":[{"href":"https:\/\/anolysept.rs\/en\/wp-json\/wp\/v2\/media?parent=921"}],"wp:term":[{"taxonomy":"product_brand","embeddable":true,"href":"https:\/\/anolysept.rs\/en\/wp-json\/wp\/v2\/product_brand?post=921"},{"taxonomy":"product_cat","embeddable":true,"href":"https:\/\/anolysept.rs\/en\/wp-json\/wp\/v2\/product_cat?post=921"},{"taxonomy":"product_tag","embeddable":true,"href":"https:\/\/anolysept.rs\/en\/wp-json\/wp\/v2\/product_tag?post=921"}],"curies":[{"name":"wp","href":"https:\/\/api.w.org\/{rel}","templated":true}]}}